{"id":19,"date":"2007-08-26T01:10:43","date_gmt":"2007-08-25T23:10:43","guid":{"rendered":"http:\/\/www.fluctibus.com\/central\/impressum\/"},"modified":"2009-06-18T21:05:46","modified_gmt":"2009-06-18T19:05:46","slug":"impressum","status":"publish","type":"page","link":"https:\/\/www.fluctibus.com\/central\/impressum\/","title":{"rendered":"impressum"},"content":{"rendered":"<p>Falk von Sch\u00f6nfels<br \/>\nNigerstra\u00dfe 4<br \/>\nD-81675 Munich City<\/p>\n<p>+49(0)177\/470 36 45<br \/>\nflex(\u00e4ht)fluctibus.com<\/p>\n<p><img decoding=\"async\" src=\"http:\/\/www.fluctibus.com\/central\/wp-content\/flexiron.jpg\" alt=\"flexiron.jpg\" \/><\/p>\n<p>Muss das sein? Ja! Datenschutzerkl\u00e4rung<\/p>\n<p>Wir freuen uns \u00fcber Ihr Interesse an unserem Angebot.<br \/>\nF\u00fcr externe Links zu fremden Inhalten k\u00f6nnen wir dabei trotz sorgf\u00e4ltiger<br \/>\ninhaltlicher Kontrolle keine Haftung \u00fcbernehmen.<\/p>\n<p>Der Schutz Ihrer personenbezogenen Daten bei der Erhebung, Verarbeitung<br \/>\nund Nutzung anl\u00e4sslich Ihres Besuchs auf unserer Homepage ist uns ein wichtiges<br \/>\nAnliegen. Ihre Daten werden im Rahmen der gesetzlichen Vorschriften gesch\u00fctzt.<br \/>\nNachfolgend finden Sie Informationen, welche Daten w\u00e4hrend Ihres Besuchs auf<br \/>\nder Homepage erfasst und wie diese genutzt werden:<\/p>\n<p>1. Erhebung und Verarbeitung von Daten<\/p>\n<p>Jeder Zugriff auf unsere Homepage und jeder Abruf einer auf der Homepage<br \/>\nhinterlegten Datei werden protokolliert. Die Speicherung dient internen<br \/>\nsystembezogenen und statistischen Zwecken. Protokolliert werden:<br \/>\nName der abgerufenen Datei, Datum und Uhrzeit des Abrufs, \u00fcbertragene<br \/>\nDatenmenge, Meldung \u00fcber erfolgreichen Abruf, Webbrowser und anfragende Domain.<\/p>\n<p>Zus\u00e4tzlich werden die IP Adressen<br \/>\nder anfragenden Rechner protokolliert.<\/p>\n<p>Weitergehende personenbezogene Daten werden nur erfasst, wenn Sie diese<br \/>\nAngaben freiwillig, etwa im Rahmen einer Anfrage oder Registrierung, machen.<\/p>\n<p>2. Nutzung und Weitergabe personenbezogener Daten<\/p>\n<p>Soweit Sie uns personenbezogene Daten zur Verf\u00fcgung gestellt haben, verwenden wir<br \/>\ndiese nur zur Beantwortung Ihrer Anfragen und f\u00fcr die technische Administration.<\/p>\n<p>Ihre personenbezogenen Daten werden an Dritte nicht weitergegeben oder sonst \u00fcbermittelt.<\/p>\n<p>Die L\u00f6schung der gespeicherten personenbezogenen Daten erfolgt,<br \/>\nwenn Sie Ihre Einwilligung zur Speicherung widerrufen, wenn ihre Kenntnis zur<br \/>\nErf\u00fcllung des mit der Speicherung verfolgten Zwecks nicht mehr erforderlich ist<br \/>\noder wenn ihre Speicherung aus sonstigen gesetzlichen Gr\u00fcnden unzul\u00e4ssig ist.<\/p>\n<p>3. Auskunftsrecht<\/p>\n<p>Auf schriftliche Anfrage werden wir Sie gern \u00fcber die zu<br \/>\nIhrer Person gespeicherten Daten informieren.<\/p>\n<p>Sicherheitshinweis:<br \/>\nWir sind bem\u00fcht, Ihre personenbezogenen Daten durch Ergreifung aller<br \/>\ntechnischen und organisatorischen M\u00f6glichkeiten so zu speichern, dass<br \/>\nsie f\u00fcr Dritte nicht zug\u00e4nglich sind. Bei der Kommunikation per E Mail<br \/>\nkann die vollst\u00e4ndige Datensicherheit von uns nicht gew\u00e4hrleistet werden,<br \/>\nso dass wir Ihnen bei vertraulichen Informationen den Postweg empfehlen.<\/p>\n","protected":false},"excerpt":{"rendered":"<p>Falk von Sch\u00f6nfels Nigerstra\u00dfe 4 D-81675 Munich City +49(0)177\/470 36 45 flex(\u00e4ht)fluctibus.com Muss das sein? Ja! Datenschutzerkl\u00e4rung Wir freuen uns \u00fcber Ihr Interesse an unserem Angebot. F\u00fcr externe Links zu fremden Inhalten k\u00f6nnen wir dabei trotz sorgf\u00e4ltiger inhaltlicher Kontrolle keine Haftung \u00fcbernehmen. Der Schutz Ihrer personenbezogenen Daten bei der Erhebung, Verarbeitung und Nutzung anl\u00e4sslich Ihres [&hellip;]<\/p>\n","protected":false},"author":1,"featured_media":0,"parent":0,"menu_order":0,"comment_status":"closed","ping_status":"closed","template":"","meta":{"footnotes":""},"class_list":["post-19","page","type-page","status-publish","hentry"],"_links":{"self":[{"href":"https:\/\/www.fluctibus.com\/central\/wp-json\/wp\/v2\/pages\/19","targetHints":{"allow":["GET"]}}],"collection":[{"href":"https:\/\/www.fluctibus.com\/central\/wp-json\/wp\/v2\/pages"}],"about":[{"href":"https:\/\/www.fluctibus.com\/central\/wp-json\/wp\/v2\/types\/page"}],"author":[{"embeddable":true,"href":"https:\/\/www.fluctibus.com\/central\/wp-json\/wp\/v2\/users\/1"}],"replies":[{"embeddable":true,"href":"https:\/\/www.fluctibus.com\/central\/wp-json\/wp\/v2\/comments?post=19"}],"version-history":[{"count":4,"href":"https:\/\/www.fluctibus.com\/central\/wp-json\/wp\/v2\/pages\/19\/revisions"}],"predecessor-version":[{"id":497,"href":"https:\/\/www.fluctibus.com\/central\/wp-json\/wp\/v2\/pages\/19\/revisions\/497"}],"wp:attachment":[{"href":"https:\/\/www.fluctibus.com\/central\/wp-json\/wp\/v2\/media?parent=19"}],"curies":[{"name":"wp","href":"https:\/\/api.w.org\/{rel}","templated":true}]}}